{"id":18,"date":"2017-07-12T20:18:48","date_gmt":"2017-07-12T18:18:48","guid":{"rendered":"http:\/\/pl24.pdj.org.pl\/?page_id=18"},"modified":"2017-07-12T21:20:25","modified_gmt":"2017-07-12T19:20:25","slug":"kontakt","status":"publish","type":"page","link":"https:\/\/pl24.pdj.org.pl\/index.php\/kontakt\/","title":{"rendered":"Kontakt"},"content":{"rendered":"<p><span style=\"font-size: 14pt; color: #ff0000;\"><strong><span style=\"font-family: helvetica, arial, sans-serif;\">Formularz kontaktowy dla modlitwy Polska 24<\/span><\/strong><\/span><\/p>\n<p><span style=\"font-family: helvetica, arial, sans-serif; font-size: 12pt;\">Je\u015bli masz jakie\u015b pytania lub chcesz si\u0119 zaanga\u017cowa\u0107 w modlitw\u0119 Polska 24, to napisz do nas u\u017cywaj\u0105c poni\u017cszego formularza<\/span><\/p>\n\n<div class=\"wpcf7 no-js\" id=\"wpcf7-f63-o1\" lang=\"pl-PL\" dir=\"ltr\" data-wpcf7-id=\"63\">\n<div class=\"screen-reader-response\"><p role=\"status\" aria-live=\"polite\" aria-atomic=\"true\"><\/p> <ul><\/ul><\/div>\n<form action=\"\/index.php\/wp-json\/wp\/v2\/pages\/18#wpcf7-f63-o1\" method=\"post\" class=\"wpcf7-form init\" aria-label=\"Formularz kontaktowy\" novalidate=\"novalidate\" data-status=\"init\">\n<fieldset class=\"hidden-fields-container\"><input type=\"hidden\" name=\"_wpcf7\" value=\"63\" \/><input type=\"hidden\" name=\"_wpcf7_version\" value=\"6.1.5\" \/><input type=\"hidden\" name=\"_wpcf7_locale\" value=\"pl_PL\" \/><input type=\"hidden\" name=\"_wpcf7_unit_tag\" value=\"wpcf7-f63-o1\" \/><input type=\"hidden\" name=\"_wpcf7_container_post\" value=\"0\" \/><input type=\"hidden\" name=\"_wpcf7_posted_data_hash\" value=\"\" \/><input type=\"hidden\" name=\"_wpcf7_recaptcha_response\" value=\"\" \/>\n<\/fieldset>\n<p><label> Imi\u0119 i nazwisko (wymagane)<br \/>\n<span class=\"wpcf7-form-control-wrap\" data-name=\"your-name\"><input size=\"40\" maxlength=\"400\" class=\"wpcf7-form-control wpcf7-text wpcf7-validates-as-required\" aria-required=\"true\" aria-invalid=\"false\" value=\"\" type=\"text\" name=\"your-name\" \/><\/span> <\/label>\n<\/p>\n<p><label> Adres email (wymagane)<br \/>\n<span class=\"wpcf7-form-control-wrap\" data-name=\"your-email\"><input size=\"40\" maxlength=\"400\" class=\"wpcf7-form-control wpcf7-email wpcf7-validates-as-required wpcf7-text wpcf7-validates-as-email\" aria-required=\"true\" aria-invalid=\"false\" value=\"\" type=\"email\" name=\"your-email\" \/><\/span> <\/label>\n<\/p>\n<p><label> Temat<br \/>\n<span class=\"wpcf7-form-control-wrap\" data-name=\"your-subject\"><input size=\"40\" maxlength=\"400\" class=\"wpcf7-form-control wpcf7-text\" aria-invalid=\"false\" value=\"\" type=\"text\" name=\"your-subject\" \/><\/span> <\/label>\n<\/p>\n<p><label> Tre\u015b\u0107 wiadomo\u015bci<br \/>\n<span class=\"wpcf7-form-control-wrap\" data-name=\"your-message\"><textarea cols=\"40\" rows=\"10\" maxlength=\"2000\" class=\"wpcf7-form-control wpcf7-textarea\" aria-invalid=\"false\" name=\"your-message\"><\/textarea><\/span> <\/label>\n<\/p>\n\n<p><input class=\"wpcf7-form-control wpcf7-submit has-spinner\" type=\"submit\" value=\"Wy\u015blij\" \/>\n<\/p><div class=\"wpcf7-response-output\" aria-hidden=\"true\"><\/div>\n<\/form>\n<\/div>\n\n","protected":false},"excerpt":{"rendered":"<p>Formularz kontaktowy dla modlitwy Polska 24 Je\u015bli masz jakie\u015b pytania lub chcesz si\u0119 zaanga\u017cowa\u0107 w modlitw\u0119 Polska 24, to napisz do nas u\u017cywaj\u0105c poni\u017cszego formularza<\/p>\n","protected":false},"author":2,"featured_media":0,"parent":0,"menu_order":0,"comment_status":"closed","ping_status":"closed","template":"","meta":{"generate_page_header":"","footnotes":""},"class_list":["post-18","page","type-page","status-publish"],"_links":{"self":[{"href":"https:\/\/pl24.pdj.org.pl\/index.php\/wp-json\/wp\/v2\/pages\/18","targetHints":{"allow":["GET"]}}],"collection":[{"href":"https:\/\/pl24.pdj.org.pl\/index.php\/wp-json\/wp\/v2\/pages"}],"about":[{"href":"https:\/\/pl24.pdj.org.pl\/index.php\/wp-json\/wp\/v2\/types\/page"}],"author":[{"embeddable":true,"href":"https:\/\/pl24.pdj.org.pl\/index.php\/wp-json\/wp\/v2\/users\/2"}],"replies":[{"embeddable":true,"href":"https:\/\/pl24.pdj.org.pl\/index.php\/wp-json\/wp\/v2\/comments?post=18"}],"version-history":[{"count":2,"href":"https:\/\/pl24.pdj.org.pl\/index.php\/wp-json\/wp\/v2\/pages\/18\/revisions"}],"predecessor-version":[{"id":64,"href":"https:\/\/pl24.pdj.org.pl\/index.php\/wp-json\/wp\/v2\/pages\/18\/revisions\/64"}],"wp:attachment":[{"href":"https:\/\/pl24.pdj.org.pl\/index.php\/wp-json\/wp\/v2\/media?parent=18"}],"curies":[{"name":"wp","href":"https:\/\/api.w.org\/{rel}","templated":true}]}}