{"id":16,"date":"2017-07-12T20:17:12","date_gmt":"2017-07-12T18:17:12","guid":{"rendered":"http:\/\/pl24.pdj.org.pl\/?page_id=16"},"modified":"2017-07-12T21:21:17","modified_gmt":"2017-07-12T19:21:17","slug":"kalendarz-modlitwy","status":"publish","type":"page","link":"https:\/\/pl24.pdj.org.pl\/index.php\/kalendarz-modlitwy\/","title":{"rendered":"Kalendarz modlitwy"},"content":{"rendered":"<p><span style=\"font-size: 14pt; color: #ff0000;\"><strong><span style=\"font-family: helvetica, arial, sans-serif;\">Kalendarz koordynacji modlitwy Polska 24<\/span><\/strong><\/span><\/p>\n<p><span class=\"text\" style=\"font-family: helvetica, arial, sans-serif;\">Klikaj\u0105c na strza\u0142ki pod napisem\u00a0<b>Modlitwa Polska 24<\/b>\u00a0mo\u017cesz prze\u0142\u0105cza\u0107 tygodnie<\/span><\/p>\n<p><iframe loading=\"lazy\" style=\"border-width: 0;\" src=\"http:\/\/www.google.com\/calendar\/embed?showTitle=0&amp;showTabs=0&amp;showCalendars=0&amp;showTz=0&amp;mode=WEEK&amp;height=600&amp;wkst=1&amp;bgcolor=%23FFFFFF&amp;src=f9trlsa7os5fbdnl2qn2ci646s%40group.calendar.google.com&amp;color=%23B1440E&amp;ctz=Europe%2FWarsaw\" width=\"720\" height=\"1118\" frameborder=\"0\" scrolling=\"no\"><\/iframe><\/p>\n","protected":false},"excerpt":{"rendered":"<p>Kalendarz koordynacji modlitwy Polska 24 Klikaj\u0105c na strza\u0142ki pod napisem\u00a0Modlitwa Polska 24\u00a0mo\u017cesz prze\u0142\u0105cza\u0107 tygodnie<\/p>\n","protected":false},"author":2,"featured_media":0,"parent":0,"menu_order":0,"comment_status":"closed","ping_status":"closed","template":"","meta":{"generate_page_header":"","footnotes":""},"class_list":["post-16","page","type-page","status-publish"],"_links":{"self":[{"href":"https:\/\/pl24.pdj.org.pl\/index.php\/wp-json\/wp\/v2\/pages\/16","targetHints":{"allow":["GET"]}}],"collection":[{"href":"https:\/\/pl24.pdj.org.pl\/index.php\/wp-json\/wp\/v2\/pages"}],"about":[{"href":"https:\/\/pl24.pdj.org.pl\/index.php\/wp-json\/wp\/v2\/types\/page"}],"author":[{"embeddable":true,"href":"https:\/\/pl24.pdj.org.pl\/index.php\/wp-json\/wp\/v2\/users\/2"}],"replies":[{"embeddable":true,"href":"https:\/\/pl24.pdj.org.pl\/index.php\/wp-json\/wp\/v2\/comments?post=16"}],"version-history":[{"count":1,"href":"https:\/\/pl24.pdj.org.pl\/index.php\/wp-json\/wp\/v2\/pages\/16\/revisions"}],"predecessor-version":[{"id":17,"href":"https:\/\/pl24.pdj.org.pl\/index.php\/wp-json\/wp\/v2\/pages\/16\/revisions\/17"}],"wp:attachment":[{"href":"https:\/\/pl24.pdj.org.pl\/index.php\/wp-json\/wp\/v2\/media?parent=16"}],"curies":[{"name":"wp","href":"https:\/\/api.w.org\/{rel}","templated":true}]}}