{"id":14,"date":"2017-07-12T20:15:09","date_gmt":"2017-07-12T18:15:09","guid":{"rendered":"http:\/\/pl24.pdj.org.pl\/?page_id=14"},"modified":"2026-03-31T22:58:28","modified_gmt":"2026-03-31T20:58:28","slug":"archiwum-tematow-modlitwy","status":"publish","type":"page","link":"https:\/\/pl24.pdj.org.pl\/index.php\/archiwum-tematow-modlitwy\/","title":{"rendered":"Archiwum temat\u00f3w modlitwy"},"content":{"rendered":"<p><span style=\"font-size: 14pt; color: #ff0000; font-family: helvetica, arial, sans-serif;\"><strong>Archiwalne tematy modlitwy<\/strong><\/span><\/p>\n<p><span class=\"text\" style=\"font-family: helvetica, arial, sans-serif; font-size: 12pt;\"><b>Tematy modlitwy w marcu 2025<\/b><\/span><\/p>\n<ul>\n<li><span style=\"font-family: helvetica, arial, sans-serif; font-size: 12pt;\">Polska24 &#8211; <a href=\"http:\/\/pl24.pdj.org.pl\/pliki\/polska24_marzec2026.rtf\">tematy na marzec 2026<\/a> &#8211; plik w formacie rtf<\/span><\/li>\n<\/ul>\n<p><span class=\"text\" style=\"font-family: helvetica, arial, sans-serif; font-size: 12pt;\"><b>Tematy modlitwy w lutym 2025<\/b><\/span><\/p>\n<ul>\n<li><span style=\"font-family: helvetica, arial, sans-serif; font-size: 12pt;\">Polska24 &#8211; <a href=\"http:\/\/pl24.pdj.org.pl\/pliki\/polska24_luty2026.rtf\">tematy na luty 2026<\/a> &#8211; plik w formacie rtf<\/span><\/li>\n<\/ul>\n<p><span class=\"text\" style=\"font-family: helvetica, arial, sans-serif; font-size: 12pt;\"><b>Tematy modlitwy w styczniu 2025<\/b><\/span><\/p>\n<ul>\n<li><span style=\"font-family: helvetica, arial, sans-serif; font-size: 12pt;\">Polska24 &#8211; <a href=\"http:\/\/pl24.pdj.org.pl\/pliki\/polska24_styczen2026.rtf\">tematy na stycze\u0144 2026<\/a> &#8211; plik w formacie rtf<\/span><\/li>\n<\/ul>\n<p><span class=\"text\" style=\"font-family: helvetica, arial, sans-serif; font-size: 12pt;\"><b>Tematy modlitwy w 2025 roku<\/b><\/span><\/p>\n<ul>\n<li><span style=\"font-family: helvetica, arial, sans-serif; font-size: 12pt;\">Polska24 &#8211; <a href=\"http:\/\/pl24.pdj.org.pl\/pliki\/polska24_2025.zip\">tematy w 2025 roku<\/a> &#8211; pliki spakowane do formatu zip<\/span><\/li>\n<\/ul>\n<p><span class=\"text\" style=\"font-family: helvetica, arial, sans-serif; font-size: 12pt;\"><b>Tematy modlitwy w 2024 roku<\/b><\/span><\/p>\n<ul>\n<li><span style=\"font-family: helvetica, arial, sans-serif; font-size: 12pt;\">Polska24 &#8211; <a href=\"http:\/\/pl24.pdj.org.pl\/pliki\/polska24_2024.zip\">tematy w 2024 roku<\/a> &#8211; pliki spakowane do formatu zip<\/span><\/li>\n<\/ul>\n<p><span class=\"text\" style=\"font-family: helvetica, arial, sans-serif; font-size: 12pt;\"><b>Tematy modlitwy w 2023 roku<\/b><\/span><\/p>\n<ul>\n<li><span style=\"font-family: helvetica, arial, sans-serif; font-size: 12pt;\">Polska24 &#8211; <a href=\"http:\/\/pl24.pdj.org.pl\/pliki\/polska24_2023.zip\">tematy w 2023 roku<\/a> &#8211; pliki spakowane do formatu zip<\/span><\/li>\n<\/ul>\n<p><span class=\"text\" style=\"font-family: helvetica, arial, sans-serif; font-size: 12pt;\"><b>Tematy modlitwy w 2022 roku<\/b><\/span><\/p>\n<ul>\n<li><span style=\"font-family: helvetica, arial, sans-serif; font-size: 12pt;\">Polska24 &#8211; <a href=\"http:\/\/pl24.pdj.org.pl\/pliki\/polska24_2022.zip\">tematy w 2022 roku<\/a> &#8211; pliki spakowane do formatu zip<\/span><\/li>\n<\/ul>\n<p><span class=\"text\" style=\"font-family: helvetica, arial, sans-serif; font-size: 12pt;\"><b>Tematy modlitwy w 2021 roku<\/b><\/span><\/p>\n<ul>\n<li><span style=\"font-family: helvetica, arial, sans-serif; font-size: 12pt;\">Polska24 &#8211; <a href=\"http:\/\/pl24.pdj.org.pl\/pliki\/polska24_2021.zip\">tematy w 2021 roku<\/a> &#8211; pliki spakowane do formatu zip<\/span><\/li>\n<\/ul>\n<p><span class=\"text\" style=\"font-family: helvetica, arial, sans-serif; font-size: 12pt;\"><b>Tematy modlitwy w 2020 roku<\/b><\/span><\/p>\n<ul>\n<li><span style=\"font-family: helvetica, arial, sans-serif; font-size: 12pt;\">Polska24 &#8211; <a href=\"http:\/\/pl24.pdj.org.pl\/pliki\/polska24_2020.zip\">tematy w 2020 roku<\/a> &#8211; pliki spakowane do formatu zip<\/span><\/li>\n<\/ul>\n<p><span class=\"text\" style=\"font-family: helvetica, arial, sans-serif; font-size: 12pt;\"><b>Tematy modlitwy w 2019 roku<\/b><\/span><\/p>\n<ul>\n<li><span style=\"font-family: helvetica, arial, sans-serif; font-size: 12pt;\">Polska24 &#8211; <a href=\"http:\/\/pl24.pdj.org.pl\/pliki\/polska24_2019.zip\">tematy w 2019 roku<\/a> &#8211; pliki spakowane do formatu zip<\/span><\/li>\n<\/ul>\n<p><span class=\"text\" style=\"font-family: helvetica, arial, sans-serif; font-size: 12pt;\"><b>Tematy modlitwy w 2018 roku<\/b><\/span><\/p>\n<ul>\n<li><span style=\"font-family: helvetica, arial, sans-serif; font-size: 12pt;\">Polska24 &#8211; <a href=\"http:\/\/pl24.pdj.org.pl\/pliki\/polska24_2018.zip\">tematy w 2018 roku<\/a> &#8211; pliki spakowane do formatu zip<\/span><\/li>\n<\/ul>\n<p><span class=\"text\" style=\"font-family: helvetica, arial, sans-serif; font-size: 12pt;\"><b>Tematy modlitwy w 2017 roku<\/b><\/span><\/p>\n<ul>\n<li><span style=\"font-family: helvetica, arial, sans-serif; font-size: 12pt;\">Polska24 &#8211; <a href=\"http:\/\/pl24.pdj.org.pl\/pliki\/polska24_2017.zip\">tematy w 2017 roku<\/a> &#8211; pliki spakowane do formatu zip<\/span><\/li>\n<\/ul>\n<p><span class=\"text\" style=\"font-family: helvetica, arial, sans-serif; font-size: 12pt;\"><b>Tematy modlitwy w 2016 roku<\/b><\/span><\/p>\n<ul>\n<li><span style=\"font-family: helvetica, arial, sans-serif; font-size: 12pt;\">Polska24 &#8211; <a href=\"http:\/\/pl24.pdj.org.pl\/pliki\/polska24_2016.zip\">tematy w 2016 roku<\/a> &#8211; pliki spakowane do formatu zip<\/span><\/li>\n<\/ul>\n<p><span class=\"text\" style=\"font-family: helvetica, arial, sans-serif;\"><b>Tematy modlitwy w 2015 roku<\/b><\/span><\/p>\n<ul>\n<li><span style=\"font-family: helvetica, arial, sans-serif;\">Polska24 &#8211; <a href=\"http:\/\/pl24.pdj.org.pl\/pliki\/polska24_2015.zip\">tematy w 2015 roku<\/a> &#8211; pliki spakowane do formatu zip<\/span><\/li>\n<\/ul>\n<p><span class=\"text\" style=\"font-family: helvetica, arial, sans-serif;\"><b>Tematy modlitwy w 2014 roku<\/b><\/span><\/p>\n<ul>\n<li><span style=\"font-family: helvetica, arial, sans-serif;\">Polska24 &#8211; <a href=\"http:\/\/pl24.pdj.org.pl\/pliki\/polska24_2014.zip\">tematy w 2014 roku<\/a> &#8211; pliki spakowane do formatu zip<\/span><\/li>\n<\/ul>\n<p><span class=\"text\" style=\"font-family: helvetica, arial, sans-serif;\"><b>Tematy modlitwy w 2013 roku<\/b><\/span><\/p>\n<ul>\n<li><span style=\"font-family: helvetica, arial, sans-serif;\">Polska24 &#8211; <a href=\"http:\/\/pl24.pdj.org.pl\/pliki\/polska24_2013.zip\">tematy w 2013 roku<\/a> &#8211; pliki spakowane do formatu zip<\/span><\/li>\n<\/ul>\n<p><span class=\"text\" style=\"font-family: helvetica, arial, sans-serif;\"><b>Tematy modlitwy w 2012 roku<\/b><\/span><\/p>\n<ul>\n<li><span style=\"font-family: helvetica, arial, sans-serif;\">Polska24 &#8211; <a href=\"http:\/\/pl24.pdj.org.pl\/pliki\/polska24_2012.zip\">tematy w 2012 roku<\/a> &#8211; pliki spakowane do formatu zip<\/span><\/li>\n<\/ul>\n<p><span class=\"text\" style=\"font-family: helvetica, arial, sans-serif;\"><b>Tematy modlitwy w 2011 roku<\/b><\/span><\/p>\n<ul>\n<li><span style=\"font-family: helvetica, arial, sans-serif;\">Polska24 &#8211; <a href=\"http:\/\/pl24.pdj.org.pl\/pliki\/polska24_2011.zip\">tematy w 2011 roku<\/a> &#8211; pliki spakowane do formatu zip<\/span><\/li>\n<\/ul>\n<p><span class=\"text\" style=\"font-family: helvetica, arial, sans-serif;\"><b>Tematy modlitwy w 2010 roku<\/b><\/span><\/p>\n<ul>\n<li><span style=\"font-family: helvetica, arial, sans-serif;\">Polska24 &#8211; <a href=\"http:\/\/pl24.pdj.org.pl\/pliki\/polska24_2010.zip\">tematy w 2010 roku<\/a> &#8211; pliki spakowane do formatu zip<\/span><\/li>\n<\/ul>\n<p><span class=\"text\" style=\"font-family: helvetica, arial, sans-serif;\"><b>Tematy modlitwy w 2009 roku<\/b><\/span><\/p>\n<ul>\n<li><span style=\"font-family: helvetica, arial, sans-serif;\">Polska24 &#8211; <a href=\"http:\/\/pl24.pdj.org.pl\/pliki\/polska24_2009.zip\">tematy w 2009 roku<\/a> &#8211; pliki spakowane do formatu zip<\/span><\/li>\n<\/ul>\n<p><span class=\"text\" style=\"font-family: helvetica, arial, sans-serif;\"><b>Tematy modlitwy w 2008 roku<\/b><\/span><\/p>\n<ul>\n<li><span style=\"font-family: helvetica, arial, sans-serif;\">Polska24 &#8211; <a href=\"http:\/\/pl24.pdj.org.pl\/pliki\/polska24_2008.zip\">tematy w 2008 roku<\/a> &#8211; pliki spakowane do formatu zip<\/span><\/li>\n<\/ul>\n","protected":false},"excerpt":{"rendered":"<p>Archiwalne tematy modlitwy Tematy modlitwy w marcu 2025 Polska24 &#8211; tematy na marzec 2026 &#8211; plik w formacie rtf Tematy modlitwy w lutym 2025 Polska24 &#8211; tematy na luty 2026 &#8211; plik w formacie rtf Tematy modlitwy w styczniu 2025 Polska24 &#8211; tematy na stycze\u0144 2026 &#8211; plik w formacie rtf Tematy modlitwy w 2025 &#8230; <a title=\"Archiwum temat\u00f3w modlitwy\" class=\"read-more\" href=\"https:\/\/pl24.pdj.org.pl\/index.php\/archiwum-tematow-modlitwy\/\" aria-label=\"Dowiedz si\u0119 wi\u0119cej o Archiwum temat\u00f3w modlitwy\">Read more<\/a><\/p>\n","protected":false},"author":2,"featured_media":0,"parent":0,"menu_order":0,"comment_status":"closed","ping_status":"closed","template":"","meta":{"generate_page_header":"","footnotes":""},"class_list":["post-14","page","type-page","status-publish"],"_links":{"self":[{"href":"https:\/\/pl24.pdj.org.pl\/index.php\/wp-json\/wp\/v2\/pages\/14","targetHints":{"allow":["GET"]}}],"collection":[{"href":"https:\/\/pl24.pdj.org.pl\/index.php\/wp-json\/wp\/v2\/pages"}],"about":[{"href":"https:\/\/pl24.pdj.org.pl\/index.php\/wp-json\/wp\/v2\/types\/page"}],"author":[{"embeddable":true,"href":"https:\/\/pl24.pdj.org.pl\/index.php\/wp-json\/wp\/v2\/users\/2"}],"replies":[{"embeddable":true,"href":"https:\/\/pl24.pdj.org.pl\/index.php\/wp-json\/wp\/v2\/comments?post=14"}],"version-history":[{"count":106,"href":"https:\/\/pl24.pdj.org.pl\/index.php\/wp-json\/wp\/v2\/pages\/14\/revisions"}],"predecessor-version":[{"id":1256,"href":"https:\/\/pl24.pdj.org.pl\/index.php\/wp-json\/wp\/v2\/pages\/14\/revisions\/1256"}],"wp:attachment":[{"href":"https:\/\/pl24.pdj.org.pl\/index.php\/wp-json\/wp\/v2\/media?parent=14"}],"curies":[{"name":"wp","href":"https:\/\/api.w.org\/{rel}","templated":true}]}}