{"id":1259,"date":"2026-04-25T12:59:29","date_gmt":"2026-04-25T10:59:29","guid":{"rendered":"https:\/\/pl24.pdj.org.pl\/?page_id=1259"},"modified":"2026-05-03T21:29:32","modified_gmt":"2026-05-03T19:29:32","slug":"polska-24-maj-2026-r","status":"publish","type":"page","link":"https:\/\/pl24.pdj.org.pl\/index.php\/polska-24-maj-2026-r\/","title":{"rendered":"Polska 24 &#8211; maj 2026 r."},"content":{"rendered":"<p style=\"text-align: center;\"><strong><span style=\"font-family: helvetica, arial, sans-serif; font-size: 14pt;\">POLSKA 24 \u2013 MAJ 2026 r.<\/span><\/strong><\/p>\n<p style=\"text-align: center;\"><strong><em><span style=\"font-family: helvetica, arial, sans-serif;\">Pan moim \u015bwiat\u0142em i moim zbawieniem \u2013 Kogo mam si\u0119 ba\u0107? Pan zabezpieczeniem mojego \u017cycia, Wi\u0119c przed kim mam dr\u017ce\u0107? <\/span><\/em><span style=\"font-family: helvetica, arial, sans-serif;\">Ps. 27,1<\/span><\/strong><\/p>\n<p><strong><span style=\"font-family: helvetica, arial, sans-serif;\">MODLITWA O KO\u015aCI\u00d3\u0141 \u2013 CIA\u0141O CHRYSTUSA<\/span><\/strong><\/p>\n<p><span style=\"font-family: helvetica, arial, sans-serif;\">M\u00f3dlmy si\u0119 o dobre, trwa\u0142e zmiany w Ko\u015bciele:<\/span><\/p>\n<ul>\n<li><span style=\"font-family: helvetica, arial, sans-serif;\">wo\u0142ajmy o boja\u017a\u0144 Bo\u017c\u0105 dla wszystkich ludzi wierz\u0105cych w Jezusa Chrystusa, pro\u015bmy, aby otrzymali mocne przekonanie, \u017ce Ko\u015bci\u00f3\u0142 musi si\u0119 odwr\u00f3ci\u0107 od warto\u015bci i stylu \u017cycia, kt\u00f3rym \u017cyje ten \u015bwiat,<\/span><\/li>\n<\/ul>\n<p style=\"margin-left: 35px;\"><em><span style=\"font-family: helvetica, arial, sans-serif;\"><strong>Je\u017celi ty zawr\u00f3cisz, to i Ja zwr\u00f3c\u0119 si\u0119 ku tobie i staniesz przed moim obliczem. Je\u015bli wy\u0142uskasz, co cenne, z tego, co pospolite, b\u0119dziesz moimi ustami. Im wolno zacz\u0105\u0107 \u017cy\u0107 tak, jak ty, ale ty nie b\u0105d\u017a taki, jak oni. <\/strong><\/span><\/em><span style=\"font-family: helvetica, arial, sans-serif;\"><strong>Jer.\u00a015,19<\/strong><\/span><\/p>\n<p style=\"margin-left: 35px;\"><em><span style=\"font-family: helvetica, arial, sans-serif;\"><strong>Wiaro\u0142omni, czy nie wiecie, \u017ce przyja\u017a\u0144 ze \u015bwiatem to wrogo\u015b\u0107 wobec Boga? Je\u015bli wi\u0119c kto\u015b chce by\u0107 przyjacielem \u015bwiata, staje si\u0119 nieprzyjacielem Boga. <\/strong><\/span><\/em><span style=\"font-family: helvetica, arial, sans-serif;\"><strong>Jak.\u00a04,4<\/strong><\/span><\/p>\n<ul>\n<li><span style=\"font-family: helvetica, arial, sans-serif;\">pro\u015bmy, aby wierz\u0105cy, wobec trudnych wydarze\u0144 na \u015bwiecie, przestali si\u0119 karmi\u0107 negatywnymi informacjami z medi\u00f3w, kt\u00f3re wywo\u0142uj\u0105 l\u0119k, i przestali si\u0119 ba\u0107 tego, co mo\u017ce nadej\u015b\u0107,<\/span><\/li>\n<\/ul>\n<p style=\"margin-left: 35px;\"><span style=\"font-family: helvetica, arial, sans-serif;\"><em><strong>B\u00f3g bowiem nie da\u0142 nam Ducha l\u0119ku, lecz mocy, mi\u0142o\u015bci i trze\u017awego my\u015blenia. <\/strong><\/em><strong>II\u00a0Tym.\u00a01,7<\/strong><\/span><\/p>\n<ul>\n<li><span style=\"font-family: helvetica, arial, sans-serif;\">pro\u015bmy, aby B\u00f3g wyla\u0142 na Ko\u015bci\u00f3\u0142 ducha modlitwy, a tak\u017ce o pe\u0142ne zrozumienie znaczenia modlitwy w \u017cyciu osobistym i ko\u015bcielnym,<\/span><\/li>\n<\/ul>\n<p style=\"margin-left: 35px;\"><span style=\"font-family: helvetica, arial, sans-serif;\"><strong><em>Przybli\u017cy\u0142 si\u0119 jednak koniec wszystkiego. B\u0105d\u017acie zatem rozs\u0105dni i trze\u017awi \u2013 gotowi do modlitwy.<\/em> <\/strong><strong>I\u00a0Piotra\u00a04,7<\/strong><\/span><\/p>\n<ul>\n<li><span style=\"font-family: helvetica, arial, sans-serif;\">wo\u0142ajmy, aby B\u00f3g rozszerzy\u0142 nasze serca i wype\u0142ni\u0142 je mi\u0142o\u015bci\u0105 do siebie nawzajem,<\/span><\/li>\n<\/ul>\n<p style=\"margin-left: 35px;\"><span style=\"font-family: helvetica, arial, sans-serif;\"><em><strong>Boga nikt nigdy nie widzia\u0142. Je\u015bli jednak kochamy si\u0119 wzajemnie, B\u00f3g trwa w nas i Jego mi\u0142o\u015b\u0107 osi\u0105gn\u0119\u0142a w nas doskona\u0142o\u015b\u0107. <\/strong><\/em><strong>I\u00a0Jana\u00a04,12<\/strong><\/span><\/p>\n<ul>\n<li><span style=\"font-family: helvetica, arial, sans-serif;\">pro\u015bmy Pana, aby przemiana naszych serc i naszego \u017cycia, doprowadzi\u0142a do przylgni\u0119cia do Niego, aby\u015bmy mogli w nowy spos\u00f3b do\u015bwiadcza\u0107 Jego blisko\u015bci i dobroci,<\/span><\/li>\n<\/ul>\n<p style=\"margin-left: 35px;\"><span style=\"font-family: helvetica, arial, sans-serif;\"><em><strong>Wyratuj\u0119 go, poniewa\u017c do mnie przylgn\u0105\u0142, wywy\u017csz\u0119 go, bo zna moje imi\u0119. B\u0119dzie Mnie wzywa\u0142, a Ja mu odpowiem, Ja sam b\u0119d\u0119 z nim w niedoli, wyrw\u0119 go i obdarz\u0119 chwa\u0142\u0105. <\/strong><\/em><strong>Ps.\u00a091,14\u201315<\/strong><\/span><\/p>\n<p><strong><span style=\"font-family: helvetica, arial, sans-serif;\">MODLITWA O POLSK\u0118<\/span><\/strong><\/p>\n<ol>\n<li><span style=\"font-family: helvetica, arial, sans-serif;\">M\u00f3dlmy si\u0119 o nasz nar\u00f3d i kraj:<\/span><\/li>\n<\/ol>\n<ul>\n<li style=\"list-style-type: none;\">\n<ul>\n<li><span style=\"font-family: helvetica, arial, sans-serif;\">wo\u0142ajmy, aby Duch \u015awi\u0119ty przychodzi\u0142 z nadzwyczajn\u0105 moc\u0105 i przekonywa\u0142 nasz nar\u00f3d o grzechu, sprawiedliwo\u015bci i o s\u0105dzie, aby m\u00f3g\u0142 on zapragn\u0105\u0107 spotkania z Jezusem Chrystusem,<\/span><\/li>\n<li><span style=\"font-family: helvetica, arial, sans-serif;\">o dobre relacje pomi\u0119dzy rz\u0105dem i prezydentem w zakresie bezpiecze\u0144stwa Polski,<\/span><\/li>\n<li><span style=\"font-family: helvetica, arial, sans-serif;\">o m\u0105dro\u015b\u0107 i jedno\u015b\u0107 dla narodu ponad wszelkimi r\u00f3\u017cnicami w pogl\u0105dach,<\/span><\/li>\n<li><span style=\"font-family: helvetica, arial, sans-serif;\">o ochron\u0119 i bezpiecze\u0144stwo naszych granic, o zatrzymanie plan\u00f3w inwazji Rosji na Polsk\u0119,<\/span><\/li>\n<li><span style=\"font-family: helvetica, arial, sans-serif;\">o zabezpieczenie militarne zdolne do odstraszenia ka\u017cdego agresora, o terminowe przekazywanie z UE \u015brodk\u00f3w z programu SAFE, oraz m\u0105dre i szybkie zawieranie um\u00f3w na produkcj\u0119 nowego wyposa\u017cenia dla naszego wojska,<\/span><\/li>\n<li><span style=\"font-family: helvetica, arial, sans-serif;\">o demaskowanie i karanie szpieg\u00f3w, prowokator\u00f3w, terroryst\u00f3w, dywersant\u00f3w, os\u00f3b siej\u0105cych dezinformacj\u0119,<\/span><\/li>\n<li><span style=\"font-family: helvetica, arial, sans-serif;\">o przywracanie porz\u0105dku prawnego, przy\u015bpieszenie rozliczenie wszelkiego bezprawia,<\/span><\/li>\n<li><span style=\"font-family: helvetica, arial, sans-serif;\">o prawo chroni\u0105ce m\u0142ode pokolenie przed tragicznym, uzale\u017cniaj\u0105cym wp\u0142ywem medi\u00f3w spo\u0142eczno\u015bciowych,<\/span><\/li>\n<li><span style=\"font-family: helvetica, arial, sans-serif;\">o sprawnie dzia\u0142aj\u0105cy system s\u0142u\u017cby zdrowia,<\/span><\/li>\n<li><span style=\"font-family: helvetica, arial, sans-serif;\">o wzrost liczby urodze\u0144,<\/span><\/li>\n<li><span style=\"font-family: helvetica, arial, sans-serif;\">o deszcz dla polskiej ziemi.<\/span><\/li>\n<\/ul>\n<\/li>\n<\/ul>\n<ol start=\"2\">\n<li><span style=\"font-family: helvetica, arial, sans-serif;\"><strong>Nieustannie dzi\u0119kujmy Bogu za ochron\u0119 wszystkich naszych granic i nie ustawajmy w pro\u015bbach, aby zatrzyma\u0142 plany inwazji ze strony Rosji i Bia\u0142orusi. <\/strong><\/span><\/li>\n<\/ol>\n<p><strong><span style=\"font-family: helvetica, arial, sans-serif;\">MODLITWA O IZRAEL<\/span><\/strong><\/p>\n<p><span style=\"font-family: helvetica, arial, sans-serif;\"><em><strong>Ten, kto was dotyka, dotyka \u017arenicy mego oka. <\/strong><\/em><strong>Zach.\u00a02,12<\/strong><\/span><\/p>\n<p><span style=\"font-family: helvetica, arial, sans-serif;\">M\u00f3dlmy si\u0119 o Izrael:<\/span><\/p>\n<ul>\n<li><span style=\"font-family: helvetica, arial, sans-serif;\">m\u00f3dlmy si\u0119 o trwa\u0142y pok\u00f3j dla Izraela, o pok\u00f3j dla Jerozolimy,<\/span><\/li>\n<li><span style=\"font-family: helvetica, arial, sans-serif;\">wo\u0142ajmy, aby B\u00f3g otwiera\u0142 serca \u017byd\u00f3w, aby zacz\u0119li szuka\u0107 swojego Zbawiciela, i aby Jezus im si\u0119 objawi\u0142 si\u0119 w ca\u0142ej swojej chwale,<\/span><\/li>\n<li><span style=\"font-family: helvetica, arial, sans-serif;\">pro\u015bmy o m\u0105dro\u015b\u0107 i roztropno\u015b\u0107 dla rz\u0105du Izraela, szczeg\u00f3lnie w zakresie prowadzenia walki z Hamasem i Hezbollahem,<\/span><\/li>\n<li><span style=\"font-family: helvetica, arial, sans-serif;\">m\u00f3dlmy si\u0119, aby Ko\u015bci\u00f3\u0142 w Polsce rozumia\u0142 znaczenie Izraela w zbawieniu narod\u00f3w i by\u015bmy jako nar\u00f3d nie wyra\u017cali zgody na \u017cadne antysemickie zachowania.<\/span><\/li>\n<\/ul>\n<p><strong><span style=\"font-family: helvetica, arial, sans-serif;\">MODLITWA O UKRAIN\u0118, ROSJ\u0118 I BIA\u0141ORU\u015a<\/span><\/strong><\/p>\n<p><span style=\"font-family: helvetica, arial, sans-serif;\"><strong><em>Panie! B\u0105d\u017a nam \u0142askawy, na Ciebie liczymy! B\u0105d\u017a naszym wsparciem co rano. B\u0105d\u017a nam zbawieniem w chwilach niedoli!<\/em>\u00a0 <\/strong><strong>Iz. 33,2<\/strong><\/span><\/p>\n<p><span style=\"font-family: helvetica, arial, sans-serif;\">M\u00f3dlmy si\u0119:<\/span><\/p>\n<ul>\n<li><span style=\"font-family: helvetica, arial, sans-serif;\">aby Ko\u015bci\u00f3\u0142 w Ukrainie, Rosji i Bia\u0142orusi z ca\u0142ego serca szuka\u0142 Pana, pokutowa\u0142 ze wszystkich swoich grzech\u00f3w, a tak\u017ce przewinie\u0144 narodu i rz\u0105dz\u0105cych, i aby do\u015bwiadczy\u0142 przebudzenia,<\/span><\/li>\n<li><span style=\"font-family: helvetica, arial, sans-serif;\">wo\u0142ajmy do Boga o Jego mi\u0142osierdzie, o koniec wojny,<\/span><\/li>\n<li><span style=\"font-family: helvetica, arial, sans-serif;\">m\u00f3dlmy si\u0119, aby narody \u015bwiata nie ustawa\u0142y w przekazywaniu pomocy finansowej i militarnej Ukrainie,<\/span><\/li>\n<li><span style=\"font-family: helvetica, arial, sans-serif;\">o powr\u00f3t z Rosji porwanych dzieci ukrai\u0144skich, o pomoc dla tych rodzic\u00f3w, kt\u00f3rzy szukaj\u0105 swoich dzieci i nie mog\u0105 ich znale\u017a\u0107.<\/span><\/li>\n<\/ul>\n","protected":false},"excerpt":{"rendered":"<p>POLSKA 24 \u2013 MAJ 2026 r. Pan moim \u015bwiat\u0142em i moim zbawieniem \u2013 Kogo mam si\u0119 ba\u0107? Pan zabezpieczeniem mojego \u017cycia, Wi\u0119c przed kim mam dr\u017ce\u0107? Ps. 27,1 MODLITWA O KO\u015aCI\u00d3\u0141 \u2013 CIA\u0141O CHRYSTUSA M\u00f3dlmy si\u0119 o dobre, trwa\u0142e zmiany w Ko\u015bciele: wo\u0142ajmy o boja\u017a\u0144 Bo\u017c\u0105 dla wszystkich ludzi wierz\u0105cych w Jezusa Chrystusa, pro\u015bmy, aby &#8230; <a title=\"Polska 24 &#8211; maj 2026 r.\" class=\"read-more\" href=\"https:\/\/pl24.pdj.org.pl\/index.php\/polska-24-maj-2026-r\/\" aria-label=\"Dowiedz si\u0119 wi\u0119cej o Polska 24 &#8211; maj 2026 r.\">Read more<\/a><\/p>\n","protected":false},"author":2,"featured_media":0,"parent":0,"menu_order":0,"comment_status":"closed","ping_status":"closed","template":"","meta":{"generate_page_header":"","footnotes":""},"class_list":["post-1259","page","type-page","status-publish"],"_links":{"self":[{"href":"https:\/\/pl24.pdj.org.pl\/index.php\/wp-json\/wp\/v2\/pages\/1259","targetHints":{"allow":["GET"]}}],"collection":[{"href":"https:\/\/pl24.pdj.org.pl\/index.php\/wp-json\/wp\/v2\/pages"}],"about":[{"href":"https:\/\/pl24.pdj.org.pl\/index.php\/wp-json\/wp\/v2\/types\/page"}],"author":[{"embeddable":true,"href":"https:\/\/pl24.pdj.org.pl\/index.php\/wp-json\/wp\/v2\/users\/2"}],"replies":[{"embeddable":true,"href":"https:\/\/pl24.pdj.org.pl\/index.php\/wp-json\/wp\/v2\/comments?post=1259"}],"version-history":[{"count":4,"href":"https:\/\/pl24.pdj.org.pl\/index.php\/wp-json\/wp\/v2\/pages\/1259\/revisions"}],"predecessor-version":[{"id":1267,"href":"https:\/\/pl24.pdj.org.pl\/index.php\/wp-json\/wp\/v2\/pages\/1259\/revisions\/1267"}],"wp:attachment":[{"href":"https:\/\/pl24.pdj.org.pl\/index.php\/wp-json\/wp\/v2\/media?parent=1259"}],"curies":[{"name":"wp","href":"https:\/\/api.w.org\/{rel}","templated":true}]}}