{"id":1251,"date":"2026-03-27T22:48:53","date_gmt":"2026-03-27T21:48:53","guid":{"rendered":"https:\/\/pl24.pdj.org.pl\/?page_id=1251"},"modified":"2026-03-27T22:51:55","modified_gmt":"2026-03-27T21:51:55","slug":"polska-24-kwiecien-2026-r","status":"publish","type":"page","link":"https:\/\/pl24.pdj.org.pl\/index.php\/polska-24-kwiecien-2026-r\/","title":{"rendered":"Polska 24 &#8211; kwiecie\u0144 2026 r."},"content":{"rendered":"<p style=\"text-align: center;\"><span style=\"font-size: 14pt;\"><strong><span style=\"font-family: helvetica, arial, sans-serif;\">POLSKA 24 \u2013 KWIECIE\u0143 2026 r.<\/span><\/strong><\/span><\/p>\n<p style=\"text-align: center;\"><strong><span style=\"font-family: helvetica, arial, sans-serif;\"><em>Niech wam towarzyszy \u0142aska i pok\u00f3j. Darzy nimi Ten, kt\u00f3ry jest, kt\u00f3ry by\u0142 i kt\u00f3ry nadchodzi, siedem duch\u00f3w, kt\u00f3re s\u0105 przed Jego tronem, oraz Jezus Chrystus, wierny \u015bwiadek, pierwszy zmartwychwsta\u0142y i W\u0142adca kr\u00f3l\u00f3w ziemi, Temu, kt\u00f3ry nas kocha i kt\u00f3ry za cen\u0119 swojej krwi uwolni\u0142 nas od naszych grzech\u00f3w, uczyni\u0142 nas kr\u00f3lestwem i kap\u0142anami Boga, swojego Ojca \u2013 Jemu niech b\u0119dzie chwa\u0142a! Do Niego nale\u017cy moc \u2013 na wieki. Amen<\/em> Obj.\u00a01,5-6<\/span><\/strong><\/p>\n<p><strong><span style=\"font-family: helvetica, arial, sans-serif;\">MODLITWA O KO\u015aCI\u00d3\u0141 \u2013 CIA\u0141O CHRYSTUSA<\/span><\/strong><\/p>\n<p><span style=\"font-family: helvetica, arial, sans-serif;\">M\u00f3dlmy si\u0119:<\/span><\/p>\n<ul>\n<li><span style=\"font-family: helvetica, arial, sans-serif;\">aby Ko\u015bci\u00f3\u0142 \u017cy\u0142 w ci\u0105gle pog\u0142\u0119biaj\u0105cej si\u0119 mi\u0142o\u015bci do Chrystusa, pewno\u015bci mocy krzy\u017ca i zmartwychwstania, tryumfu Jego zamiar\u00f3w wobec nas,<\/span><\/li>\n<\/ul>\n<p style=\"margin-left: 35px;\"><span style=\"font-family: helvetica, arial, sans-serif;\"><em><strong>B\u00f3g natomiast daje dow\u00f3d swojej mi\u0142o\u015bci do nas przez to, \u017ce gdy jeszcze byli\u015bmy grzesznikami, Chrystus za nas umar\u0142. <\/strong><\/em><strong>Rzym.\u00a05,8<\/strong><\/span><\/p>\n<p style=\"margin-left: 35px;\"><span style=\"font-family: helvetica, arial, sans-serif;\"><em><strong>On umorzy\u0142 nasze d\u0142ugi, ca\u0142\u0105 list\u0119 niespe\u0142nionych zobowi\u0105za\u0144 \u2013 sko\u0144czy\u0142 z nimi, gdy przygwo\u017adzi\u0142 je do krzy\u017ca. Na tym krzy\u017cu rozbroi\u0142 zwierzchno\u015bci oraz w\u0142adze, publicznie je obna\u017cy\u0142 i powl\u00f3k\u0142 w tryumfalnym pochodzie. <\/strong><\/em><strong>Kol.\u00a02,14\u201315<\/strong><\/span><\/p>\n<ul>\n<li><span style=\"font-family: helvetica, arial, sans-serif;\">by Ko\u015bci\u00f3\u0142 przebacza\u0142, jedna\u0142 si\u0119, pozbywa\u0142 wszelkiego ba\u0142wochwalstwa,<\/span><\/li>\n<\/ul>\n<p style=\"margin-left: 35px;\"><span style=\"font-family: helvetica, arial, sans-serif;\"><em><strong>Daj\u0119 wam nowe przykazanie: Kochajcie si\u0119 wzajemnie; kochajcie jedni drugich tak, jak Ja was ukocha\u0142em. Po tym wszyscy poznaj\u0105, \u017ce jeste\u015bcie moimi uczniami, je\u015bli jedni drugich darzy\u0107 b\u0119dziecie mi\u0142o\u015bci\u0105. <\/strong><\/em><strong>Jan\u00a013,34\u201335<\/strong><\/span><\/p>\n<ul>\n<li><span style=\"font-family: helvetica, arial, sans-serif;\">by w obecnej sytuacji geopolitycznej Ko\u015bci\u00f3\u0142 ufa\u0142 Bogu, zg\u0142\u0119bia\u0142 Jego S\u0142owo i modli\u0142 si\u0119 o zbawienie szczeg\u00f3lnie dla ludzi nieznaj\u0105cych Jezusa,<\/span><\/li>\n<\/ul>\n<p style=\"margin-left: 35px;\"><span style=\"font-family: helvetica, arial, sans-serif;\"><em><strong>Ufaj Mu, Jego ludu, zawsze i we wszystkim\u2026 <\/strong><\/em><strong>Ps.\u00a062,9<\/strong><\/span><\/p>\n<ul>\n<li><span style=\"font-family: helvetica, arial, sans-serif;\">by m\u0119\u017cczy\u017ani, wzrastaj\u0105c w Bogu, stawali si\u0119 przyw\u00f3dcami i kap\u0142anami w swoich rodzinach,<\/span><\/li>\n<li><span style=\"font-family: helvetica, arial, sans-serif;\">by Ko\u015bci\u00f3\u0142 walczy\u0142 w modlitwie i dzia\u0142aniu o m\u0142ode pokolenie w Polsce, wyrywa\u0142 je z r\u0105k przeciwnika i poci\u0105ga\u0142 w ramiona Chrystusa,<\/span><\/li>\n<li><span style=\"font-family: helvetica, arial, sans-serif;\">dzi\u0119kujmy Bogu za wszystkich przyw\u00f3dc\u00f3w Ko\u015bcio\u0142a, kt\u00f3rzy staj\u0105 przeciwko antysemityzmowi, nadal m\u00f3dlmy si\u0119, by to by\u0142 g\u0142os ca\u0142ego Ko\u015bcio\u0142a w Polsce.<\/span><\/li>\n<\/ul>\n<p><strong><span style=\"font-family: helvetica, arial, sans-serif;\">MODLITWA O POLSK\u0118<\/span><\/strong><\/p>\n<p><span style=\"font-family: helvetica, arial, sans-serif;\"><em><strong>Niech B\u00f3g oka\u017ce nam mi\u0142osierdzie i niech nas darzy szcz\u0119\u015bciem, niech rozja\u015bni nad nami swoj\u0105 twarz. <\/strong><\/em><strong>Ps.\u00a067,2<\/strong><\/span><\/p>\n<ol>\n<li><span style=\"font-family: helvetica, arial, sans-serif;\">M\u00f3dlmy si\u0119 o wylanie Ducha \u015awi\u0119tego w naszym kraju.<\/span><\/li>\n<li><span style=\"font-family: helvetica, arial, sans-serif;\">Wstawiajmy si\u0119 do Boga o Jego pomoc i ratunek:<\/span><\/li>\n<\/ol>\n<ul>\n<li style=\"list-style-type: none;\">\n<ul>\n<li><span style=\"font-family: helvetica, arial, sans-serif;\">o m\u0105dro\u015b\u0107 i jedno\u015b\u0107 dla narodu ponad wszelkimi r\u00f3\u017cnicami w pogl\u0105dach,<\/span><\/li>\n<li><span style=\"font-family: helvetica, arial, sans-serif;\">o ochron\u0119 i bezpiecze\u0144stwo naszych granic, o zatrzymanie plan\u00f3w inwazji Rosji na Polsk\u0119,<\/span><\/li>\n<li><span style=\"font-family: helvetica, arial, sans-serif;\">o m\u0105dro\u015b\u0107 dla rz\u0105du w podejmowaniu decyzji zwi\u0105zanych z wojn\u0105 na Bliskim Wschodzie,<\/span><\/li>\n<li><span style=\"font-family: helvetica, arial, sans-serif;\">o zabezpieczenie militarne zdolne do odstraszenia ka\u017cdego agresora,<\/span><\/li>\n<li><span style=\"font-family: helvetica, arial, sans-serif;\">o m\u0105dro\u015b\u0107 i rozwag\u0119 dla rz\u0105dz\u0105cych w relacjach i sojuszach mi\u0119dzynarodowych, o wsp\u00f3\u0142prac\u0119 i jedno\u015b\u0107 prezydenta z rz\u0105dem w zakresie bezpiecze\u0144stwa Polski,<\/span><\/li>\n<li><span style=\"font-family: helvetica, arial, sans-serif;\">o demaskowanie i karanie szpieg\u00f3w, prowokator\u00f3w, terroryst\u00f3w, dywersant\u00f3w, os\u00f3b siej\u0105cych dezinformacj\u0119, strach, antysemityzm, nienawi\u015b\u0107,<\/span><\/li>\n<li><span style=\"font-family: helvetica, arial, sans-serif;\">o przywracanie porz\u0105dku prawnego, przy\u015bpieszenie i rozliczanie wszelkiego bezprawia,<\/span><\/li>\n<li><span style=\"font-family: helvetica, arial, sans-serif;\">o siln\u0105 gospodark\u0119 i nowe inwestycje, szczeg\u00f3lnie w zakresie bezpiecze\u0144stwa kraju,<\/span><\/li>\n<li><span style=\"font-family: helvetica, arial, sans-serif;\">o prawo chroni\u0105ce m\u0142ode pokolenie przed tragicznym, uzale\u017cniaj\u0105cym wp\u0142ywem medi\u00f3w spo\u0142eczno\u015bciowych,<\/span><\/li>\n<li><span style=\"font-family: helvetica, arial, sans-serif;\">o sprawnie dzia\u0142aj\u0105cy system s\u0142u\u017cby zdrowia.<\/span><\/li>\n<\/ul>\n<\/li>\n<\/ul>\n<p style=\"margin-left: 35px;\"><span style=\"font-family: helvetica, arial, sans-serif;\"><em><strong>B\u00f3g wzywa teraz wsz\u0119dzie wszystkich ludzi, aby si\u0119 opami\u0119tali, poniewa\u017c wyznaczy\u0142 te\u017c dzie\u0144, w kt\u00f3rym sprawiedliwie os\u0105dzi zamieszka\u0142y \u015bwiat. <\/strong><\/em><strong>Dz.\u00a017,30\u201331<\/strong><\/span><\/p>\n<p><strong><span style=\"font-family: helvetica, arial, sans-serif;\">MODLITWA O IZRAEL<\/span><\/strong><\/p>\n<p><span style=\"font-family: helvetica, arial, sans-serif;\"><em><strong>Chc\u0119 bowiem, bracia, aby\u015bcie byli \u015bwiadomi pewnej tajemnicy i dzi\u0119ki temu nie mieli zbyt wysokiego mniemania o sobie. Ot\u00f3\u017c niewra\u017cliwo\u015b\u0107 dotkn\u0119\u0142a cz\u0119\u015bci Izraela. Potrwa ona do czasu przyj\u0119cia pe\u0142ni pogan. W ten spos\u00f3b b\u0119dzie zbawiony ca\u0142y Izrael, zgodnie ze s\u0142owami: z Syjonu przyjdzie Wybawca i usunie bezbo\u017cno\u015b\u0107 Jakuba. <\/strong><\/em><strong>Rzym.\u00a011,25<\/strong><\/span><\/p>\n<p><span style=\"font-family: helvetica, arial, sans-serif;\">M\u00f3dlmy si\u0119:<\/span><\/p>\n<ul>\n<li><span style=\"font-family: helvetica, arial, sans-serif;\">o zbawienie ca\u0142ego Izraela,<\/span><\/li>\n<li><span style=\"font-family: helvetica, arial, sans-serif;\">o zwyci\u0119skie zako\u0144czenie wojny z Iranem, pok\u00f3j dla ludzi, wytchnienie od zagro\u017ce\u0144, uleczenie serc z wszelkiej traumy, przebaczenie, pojednanie, jedno\u015b\u0107 narodu,<\/span><\/li>\n<li><span style=\"font-family: helvetica, arial, sans-serif;\">o Bo\u017ce b\u0142ogos\u0142awie\u0144stwo dla plon\u00f3w ziemi i ca\u0142ej gospodarki Izraela,<\/span><\/li>\n<li><span style=\"font-family: helvetica, arial, sans-serif;\">o m\u0105dro\u015b\u0107 i roztropno\u015b\u0107 dla rz\u0105dz\u0105cych.<\/span><\/li>\n<\/ul>\n<p><strong><span style=\"font-family: helvetica, arial, sans-serif;\">MODLITWA O UKRAIN\u0118, ROSJ\u0118 I BIA\u0141ORU\u015a<\/span><\/strong><\/p>\n<p><span style=\"font-family: helvetica, arial, sans-serif;\">Nadal m\u00f3dlmy si\u0119:<\/span><\/p>\n<ul>\n<li><span style=\"font-family: helvetica, arial, sans-serif;\">o ca\u0142kowit\u0105 utrat\u0119 zdolno\u015bci Rosji do prowadzenia i finansowania wojny,<\/span><\/li>\n<li><span style=\"font-family: helvetica, arial, sans-serif;\">o korzystny dla Ukrainy koniec wojny, pomoc narod\u00f3w Europy,<\/span><\/li>\n<li><span style=\"font-family: helvetica, arial, sans-serif;\">o m\u0105dro\u015b\u0107 i umiej\u0119tno\u015b\u0107 podejmowania w\u0142a\u015bciwych decyzji dla prezydenta Ze\u0142enskiego i rz\u0105du Ukrainy,<\/span><\/li>\n<li><span style=\"font-family: helvetica, arial, sans-serif;\">o armi\u0119 ukrai\u0144sk\u0105, by z wiar\u0105 i si\u0142\u0105 dotrwa\u0142a do ko\u0144ca wojny,<\/span><\/li>\n<li><span style=\"font-family: helvetica, arial, sans-serif;\">aby nie dosz\u0142o do wybuch\u00f3w j\u0105drowych w niszczonych przez Rosj\u0119 elektrowniach.<\/span><\/li>\n<\/ul>\n<p style=\"margin-left: 35px;\"><span style=\"font-family: helvetica, arial, sans-serif;\"><em><strong>Biada przekornym synom! \u2013 o\u015bwiadcza Pan. Wype\u0142niaj\u0105 plan, ale nie m\u00f3j. <\/strong><\/em><strong>Iz.\u00a030,1 <\/strong><\/span><\/p>\n<p><strong><span style=\"font-family: helvetica, arial, sans-serif;\">MODLITWA O EUROP\u0118<\/span><\/strong><\/p>\n<p><span style=\"font-family: helvetica, arial, sans-serif;\">M\u00f3dlmy si\u0119:<\/span><\/p>\n<ul>\n<li><span style=\"font-family: helvetica, arial, sans-serif;\">aby B\u00f3g o\u017cywi\u0142 Ko\u015bci\u00f3\u0142 w Europie, by wzbudzi\u0142 ducha modlitwy i wstawiennictwa, by nape\u0142nia\u0142y si\u0119 ko\u015bcio\u0142y i wzrasta\u0142a \u015bwiadomo\u015b\u0107 potrzeby Bo\u017cego ratunku,<\/span><\/li>\n<li><span style=\"font-family: helvetica, arial, sans-serif;\">by narody Europy stawa\u0142y w jedno\u015bci przeciwko agresji Rosji, sytuacji geopolitycznej na Bliskim Wschodzie, ochronie i finansowaniu wschodniej flanki NATO i Morza Ba\u0142tyckiego, pomocy Ukrainie.<\/span><\/li>\n<\/ul>\n<p style=\"margin-left: 35px;\"><span style=\"font-family: helvetica, arial, sans-serif;\"><em><strong>Modlitwa sprawiedliwego mo\u017ce odnie\u015b\u0107 wielki skutek. <\/strong><\/em><strong>Jak.\u00a05,16<\/strong><\/span><\/p>\n<p style=\"text-align: center;\"><span style=\"font-family: helvetica, arial, sans-serif;\"><strong>M\u00f3dlmy si\u0119 o pok\u00f3j na Bliskim Wschodzie!<\/strong><\/span><\/p>\n<p>&nbsp;<\/p>\n","protected":false},"excerpt":{"rendered":"<p>POLSKA 24 \u2013 KWIECIE\u0143 2026 r. Niech wam towarzyszy \u0142aska i pok\u00f3j. Darzy nimi Ten, kt\u00f3ry jest, kt\u00f3ry by\u0142 i kt\u00f3ry nadchodzi, siedem duch\u00f3w, kt\u00f3re s\u0105 przed Jego tronem, oraz Jezus Chrystus, wierny \u015bwiadek, pierwszy zmartwychwsta\u0142y i W\u0142adca kr\u00f3l\u00f3w ziemi, Temu, kt\u00f3ry nas kocha i kt\u00f3ry za cen\u0119 swojej krwi uwolni\u0142 nas od naszych grzech\u00f3w, &#8230; <a title=\"Polska 24 &#8211; kwiecie\u0144 2026 r.\" class=\"read-more\" href=\"https:\/\/pl24.pdj.org.pl\/index.php\/polska-24-kwiecien-2026-r\/\" aria-label=\"Dowiedz si\u0119 wi\u0119cej o Polska 24 &#8211; kwiecie\u0144 2026 r.\">Read more<\/a><\/p>\n","protected":false},"author":2,"featured_media":0,"parent":0,"menu_order":0,"comment_status":"closed","ping_status":"closed","template":"","meta":{"generate_page_header":"","footnotes":""},"class_list":["post-1251","page","type-page","status-publish"],"_links":{"self":[{"href":"https:\/\/pl24.pdj.org.pl\/index.php\/wp-json\/wp\/v2\/pages\/1251","targetHints":{"allow":["GET"]}}],"collection":[{"href":"https:\/\/pl24.pdj.org.pl\/index.php\/wp-json\/wp\/v2\/pages"}],"about":[{"href":"https:\/\/pl24.pdj.org.pl\/index.php\/wp-json\/wp\/v2\/types\/page"}],"author":[{"embeddable":true,"href":"https:\/\/pl24.pdj.org.pl\/index.php\/wp-json\/wp\/v2\/users\/2"}],"replies":[{"embeddable":true,"href":"https:\/\/pl24.pdj.org.pl\/index.php\/wp-json\/wp\/v2\/comments?post=1251"}],"version-history":[{"count":3,"href":"https:\/\/pl24.pdj.org.pl\/index.php\/wp-json\/wp\/v2\/pages\/1251\/revisions"}],"predecessor-version":[{"id":1254,"href":"https:\/\/pl24.pdj.org.pl\/index.php\/wp-json\/wp\/v2\/pages\/1251\/revisions\/1254"}],"wp:attachment":[{"href":"https:\/\/pl24.pdj.org.pl\/index.php\/wp-json\/wp\/v2\/media?parent=1251"}],"curies":[{"name":"wp","href":"https:\/\/api.w.org\/{rel}","templated":true}]}}