{"id":1242,"date":"2026-02-22T19:33:23","date_gmt":"2026-02-22T18:33:23","guid":{"rendered":"https:\/\/pl24.pdj.org.pl\/?page_id=1242"},"modified":"2026-02-22T19:35:02","modified_gmt":"2026-02-22T18:35:02","slug":"polska-24-marzec-2026-r","status":"publish","type":"page","link":"https:\/\/pl24.pdj.org.pl\/index.php\/polska-24-marzec-2026-r\/","title":{"rendered":"Polska 24 &#8211; marzec 2026 r."},"content":{"rendered":"<p style=\"text-align: center;\"><strong><span style=\"font-family: helvetica, arial, sans-serif; font-size: 14pt;\">POLSKA 24 \u2013 MARZEC 2026 r.<\/span><\/strong><\/p>\n<p style=\"text-align: center;\"><em><strong><span style=\"font-family: helvetica, arial, sans-serif;\">W odpowiedzi Jezus skierowa\u0142 do nich s\u0142owa: Miejcie wiar\u0119 w Boga! Zapewniam was, ktokolwiek powiedzia\u0142by tej g\u00f3rze: Podnie\u015b si\u0119 i rzu\u0107 do morza, i nie waha\u0142by si\u0119 w swoim sercu, lecz wierzy\u0142, \u017ce na pewno stanie si\u0119 to, co m\u00f3wi, spe\u0142ni mu si\u0119. Dlatego m\u00f3wi\u0119 wam: wierzcie, \u017ce otrzymali\u015bcie ju\u017c to wszystko, o co modlicie si\u0119 i prosicie, a spe\u0142ni si\u0119 wam. <\/span><\/strong><\/em><em><strong><span style=\"font-family: helvetica, arial, sans-serif;\">A gdy stoicie i modlicie si\u0119, przebaczajcie, je\u015bli macie co\u015b przeciwko komu\u015b, aby i wasz Ojciec, kt\u00f3ry jest w niebie, przebaczy\u0142 wam wasze wykroczenia. <\/span><\/strong><\/em><strong><span style=\"font-family: helvetica, arial, sans-serif;\">Mar. 11,22\u201325<\/span><\/strong><\/p>\n<p><strong><span style=\"font-family: helvetica, arial, sans-serif;\">MODLITWA O KO\u015aCI\u00d3\u0141 \u2013 CIA\u0141O CHRYSTUSA<\/span><\/strong><\/p>\n<p><span style=\"font-family: helvetica, arial, sans-serif;\"><em><strong>Ale wy jeste\u015bcie rodem wybranym, kr\u00f3lewskim kap\u0142a\u0144stwem, narodem \u015bwi\u0119tym, ludem nabytym, by rozg\u0142asza\u0107 wspania\u0142o\u015b\u0107 Tego, kt\u00f3ry was wyrwa\u0142 z ciemno\u015bci i wprowadzi\u0142 w swoje zachwycaj\u0105ce \u015bwiat\u0142o. Wy, kt\u00f3rzy niegdy\u015b byli\u015bcie nie-ludem, teraz jeste\u015bcie ludem Bo\u017cym! Dla was niegdy\u015b nie by\u0142o mi\u0142osierdzia, a teraz go dost\u0105pili\u015bcie! <\/strong><\/em><strong>I\u00a0Piotra 2,9\u201310<\/strong><\/span><\/p>\n<p><span style=\"font-family: helvetica, arial, sans-serif;\">M\u00f3dlmy si\u0119:<\/span><\/p>\n<ul>\n<li><span style=\"font-family: helvetica, arial, sans-serif;\">aby Ko\u015bci\u00f3\u0142 skupia\u0142 wzrok tylko na Jezusie, nawet w\u015br\u00f3d z\u0142ych okoliczno\u015bci, i z dzieci\u0119cym zachwytem poznawa\u0142 Jezusa przez intymn\u0105 relacj\u0119 i zale\u017cno\u015b\u0107,<\/span><\/li>\n<\/ul>\n<p style=\"margin-left: 35px;\"><span style=\"font-family: helvetica, arial, sans-serif;\"><em><strong>Wierz\u0105cy budowali si\u0119 duchowo, \u017cyli w boja\u017ani Pana, a dzi\u0119ki zach\u0119cie Ducha \u015awi\u0119tego ich grono ros\u0142o liczebnie. <\/strong><\/em><strong>Dz. 9,31<\/strong><\/span><\/p>\n<ul>\n<li><span style=\"font-family: helvetica, arial, sans-serif;\">aby Duch \u015awi\u0119ty uczy\u0142 Ko\u015bci\u00f3\u0142 dyspozycyjno\u015bci dla Pana, poddawania Jemu serc i gotowo\u015bci czynienia tego, czego On oczekuje, \u017cycia w mi\u0142o\u015bci, wierze i wsp\u00f3\u0142czuciu,<\/span><\/li>\n<\/ul>\n<p style=\"margin-left: 35px;\"><span style=\"font-family: helvetica, arial, sans-serif;\"><em><strong>Wtedy twe \u015bwiat\u0142o wystrzeli jak poranek, szybko wzejdzie twe uzdrowienie; twa wiarygodno\u015b\u0107 p\u00f3jdzie przed tob\u0105, a chwa\u0142a Pana b\u0119dzie twoj\u0105 tyln\u0105 stra\u017c\u0105. Gdy wtedy b\u0119dziesz wo\u0142a\u0142, Pan odpowie, gdy wezwiesz Go na pomoc, powie: Oto jestem! <\/strong><\/em><strong>Iz. 58,8-9a<\/strong><\/span><\/p>\n<ul>\n<li><span style=\"font-family: helvetica, arial, sans-serif;\">m\u00f3dlmy si\u0119 o m\u0119\u017cczyzn, aby wzi\u0119li odpowiedzialno\u015b\u0107 przed Bogiem za swoje rodziny, \u017ceby z pomoc\u0105 Ducha \u015awi\u0119tego wzrastali jako przyw\u00f3dcy i kap\u0142ani w swoich domach, w oparciu o intymn\u0105 relacj\u0119 z Bogiem i Jego S\u0142owo,<\/span><\/li>\n<li><span style=\"font-family: helvetica, arial, sans-serif;\">m\u00f3dlmy si\u0119, aby Ko\u015bci\u00f3\u0142 walczy\u0142 o m\u0142ode pokolenie w Polsce przez modlitw\u0119, post i dzia\u0142anie,<\/span><\/li>\n<li><span style=\"font-family: helvetica, arial, sans-serif;\">dzi\u0119kujmy Bogu za wszystkich przyw\u00f3dc\u00f3w Ko\u015bcio\u0142a, kt\u00f3rzy g\u0142osz\u0105, \u017ce antysemitym i rasizm s\u0105 grzechem, kt\u00f3ry niszczy Ko\u015bci\u00f3\u0142, m\u00f3dlmy si\u0119, by to by\u0142 g\u0142os ca\u0142ego Ko\u015bcio\u0142a w Polsce.<\/span><\/li>\n<\/ul>\n<p><strong><span style=\"font-family: helvetica, arial, sans-serif;\">MODLITWA O POLSK\u0118<\/span><\/strong><\/p>\n<p><strong><span style=\"font-family: helvetica, arial, sans-serif;\">Dzi\u0119kujmy Bogu za Polsk\u0119! Dzi\u0119kujmy, \u017ce nam b\u0142ogos\u0142awi, \u017ce nas chroni, \u017ce s\u0142yszy modlitwy swoich syn\u00f3w i c\u00f3rek! Dzi\u0119kujmy, \u017ce zatrzymuje plany wroga! Oddajmy Mu cze\u015b\u0107 i chwa\u0142\u0119!<\/span><\/strong><\/p>\n<ol>\n<li><span style=\"font-family: helvetica, arial, sans-serif;\">Pro\u015bmy Boga o wylanie Ducha \u015awi\u0119tego na wszystkie pokolenia w Polsce!<\/span><\/li>\n<li><span style=\"font-family: helvetica, arial, sans-serif;\">M\u00f3dlmy si\u0119 o sprawy wa\u017cne dla naszego kraju:<\/span><\/li>\n<\/ol>\n<ul>\n<li style=\"list-style-type: none;\">\n<ul>\n<li><span style=\"font-family: helvetica, arial, sans-serif;\">o pok\u00f3j, a tak\u017ce bezpiecze\u0144stwo granic na ziemi, w morzu, w powietrzu i w sferze cybernetycznej,<\/span><\/li>\n<li><span style=\"font-family: helvetica, arial, sans-serif;\">o siln\u0105, \u015bwietnie wyposa\u017con\u0105 armi\u0119, o m\u0105dre inwestowanie finans\u00f3w z programu SAFE,<\/span><\/li>\n<li><span style=\"font-family: helvetica, arial, sans-serif;\">o m\u0105dro\u015b\u0107 i rozwag\u0119 dla rz\u0105dz\u0105cych w relacjach i sojuszach mi\u0119dzynarodowych,<\/span><\/li>\n<li><span style=\"font-family: helvetica, arial, sans-serif;\">wsp\u00f3\u0142prac\u0119 prezydenta z rz\u0105dem w zakresie bezpiecze\u0144stwa, praworz\u0105dno\u015bci i funkcjonowania pa\u0144stwa w nowej sytuacji geopolitycznej,<\/span><\/li>\n<li><span style=\"font-family: helvetica, arial, sans-serif;\">o ujawnianie i stawianie przed s\u0105dem szpieg\u00f3w, prowokator\u00f3w, terroryst\u00f3w, dywersant\u00f3w, os\u00f3b siej\u0105cych dezinformacj\u0119 i strach,<\/span><\/li>\n<li><span style=\"font-family: helvetica, arial, sans-serif;\">o przywracanie porz\u0105dku prawnego, przy\u015bpieszenie i rozliczanie wszelkiego bezprawia,<\/span><\/li>\n<\/ul>\n<\/li>\n<\/ul>\n<p style=\"margin-left: 35px;\"><span style=\"font-family: helvetica, arial, sans-serif;\"><em><strong>Wzoruj si\u0119 na niewinnym i obserwuj prawego, Przysz\u0142o\u015b\u0107 bowiem nale\u017cy do nios\u0105cych pok\u00f3j. <\/strong><\/em><strong>Ps. 37,37<\/strong><\/span><\/p>\n<ul>\n<li style=\"list-style-type: none;\">\n<ul>\n<li><span style=\"font-family: helvetica, arial, sans-serif;\">o siln\u0105 gospodark\u0119 i nowe inwestycje, szczeg\u00f3lnie w zakresie bezpiecze\u0144stwa,<\/span><\/li>\n<li><span style=\"font-family: helvetica, arial, sans-serif;\">o prawne zabezpieczenie dzieci i nastolatk\u00f3w przed negatywnym wp\u0142ywem medi\u00f3w spo\u0142eczno\u015bciowych,<\/span><\/li>\n<li><span style=\"font-family: helvetica, arial, sans-serif;\">o skuteczn\u0105 pomoc pa\u0144stwa dla os\u00f3b niepe\u0142nosprawnych i przewlekle chorych,<\/span><\/li>\n<li><span style=\"font-family: helvetica, arial, sans-serif;\">o wzrost urodze\u0144 w Polsce.<\/span><\/li>\n<\/ul>\n<\/li>\n<\/ul>\n<p style=\"margin-left: 35px;\"><span style=\"font-family: helvetica, arial, sans-serif;\"><em><strong>Oto dzieci s\u0105 dziedzictwem Pana, Podarunkiem jest owoc \u0142ona! <\/strong><\/em><strong>Ps. 127,3<\/strong><\/span><\/p>\n<p><strong><span style=\"font-family: helvetica, arial, sans-serif;\">MODLITWA O IZRAEL<\/span><\/strong><\/p>\n<p><span style=\"font-family: helvetica, arial, sans-serif;\"><em><strong>Jezus o\u015bwiadczy\u0142: Najwa\u017cniejsze z przykaza\u0144 jest to: Izraelu! Pan, B\u00f3g nasz, jest jeden. Masz zatem kocha\u0107 Pana, swojego Boga, ca\u0142ym swoim sercem, z ca\u0142ej swojej duszy, ka\u017cd\u0105 swoj\u0105 my\u015bl\u0105 i ze wszystkich swych si\u0142. <\/strong><\/em><strong>Mar. 12,29\u201330<\/strong><\/span><\/p>\n<p><span style=\"font-family: helvetica, arial, sans-serif;\">M\u00f3dlmy si\u0119:<\/span><\/p>\n<ul>\n<li><span style=\"font-family: helvetica, arial, sans-serif;\">aby ca\u0142y Izrael pokocha\u0142 swojego Boga Ojca, Mesjasza Jezusa i Ducha \u015awi\u0119tego,<\/span><\/li>\n<li><span style=\"font-family: helvetica, arial, sans-serif;\">m\u00f3dlmy si\u0119 o pok\u00f3j, aby nie dosz\u0142o do wojny z Iranem,<\/span><\/li>\n<li><span style=\"font-family: helvetica, arial, sans-serif;\">m\u00f3dlmy si\u0119 o jedno\u015b\u0107 dla narodu, przebaczenie i uleczenie serc,<\/span><\/li>\n<li><span style=\"font-family: helvetica, arial, sans-serif;\">o m\u0105dro\u015b\u0107 i b\u0142ogos\u0142awie\u0144stwo dla rz\u0105dz\u0105cych.<\/span><\/li>\n<\/ul>\n<p><strong><span style=\"font-family: helvetica, arial, sans-serif;\">MODLITWA O UKRAIN\u0118, ROSJ\u0118 I BIA\u0141ORU\u015a<\/span><\/strong><\/p>\n<p><span style=\"font-family: helvetica, arial, sans-serif;\"><strong><em>Konia przygotowuj\u0105 na dzie\u0144 bitwy, ale zwyci\u0119stwo nale\u017cy do Pana.<\/em> Przyp. 21,31<\/strong><\/span><\/p>\n<p><span style=\"font-family: helvetica, arial, sans-serif;\">M\u00f3dlmy si\u0119:<\/span><\/p>\n<ul>\n<li><span style=\"font-family: helvetica, arial, sans-serif;\">aby B\u00f3g odwr\u00f3ci\u0142 bieg wydarze\u0144, da\u0142 Ukrainie korzystny, sprawiedliwy pok\u00f3j,<\/span><\/li>\n<li><span style=\"font-family: helvetica, arial, sans-serif;\">b\u0142ogos\u0142awmy Prezydenta Ze\u0142e\u0144skiego i rz\u0105d Ukrainy, modl\u0105c si\u0119 o m\u0105dro\u015b\u0107 i rozwag\u0119 dla nich,<\/span><\/li>\n<li><span style=\"font-family: helvetica, arial, sans-serif;\">m\u00f3dlmy si\u0119 o pomoc narod\u00f3w dla Ukrainy w zakresie zniszczonej infrastruktury energetycznej,<\/span><\/li>\n<li><span style=\"font-family: helvetica, arial, sans-serif;\">o armi\u0119 ukrai\u0144sk\u0105, by nie traci\u0142a si\u0142y i wiary w zwyci\u0119stwo,<\/span><\/li>\n<li><span style=\"font-family: helvetica, arial, sans-serif;\">m\u00f3dlmy si\u0119 o utrat\u0119 zdolno\u015bci Rosji do finansowania i prowadzenia wojny,<\/span><\/li>\n<li><span style=\"font-family: helvetica, arial, sans-serif;\">pro\u015bmy Boga, aby nie dosz\u0142o do u\u017cycia broni j\u0105drowej.<\/span><\/li>\n<\/ul>\n<p><strong><span style=\"font-family: helvetica, arial, sans-serif;\">MODLITWA O EUROP\u0118<\/span><\/strong><\/p>\n<p><span style=\"font-family: helvetica, arial, sans-serif;\"><em><strong>Z jednego [pnia] te\u017c wyprowadzi\u0142 ka\u017cdy nar\u00f3d ludzki, by zamieszkiwa\u0142 oblicze ca\u0142ej ziemi, a wszystkim tym narodom ustali\u0142 czas i granice zamieszkania. <\/strong><\/em><strong>Dz. 17,26<\/strong><\/span><\/p>\n<ol>\n<li><span style=\"font-family: helvetica, arial, sans-serif;\">Pro\u015bmy, aby B\u00f3g wzbudzi\u0142 ducha modlitwy i wstawiennictwa w ka\u017cdym narodzie Europy.<\/span><\/li>\n<li><span style=\"font-family: helvetica, arial, sans-serif;\">M\u00f3dlmy si\u0119, aby przyw\u00f3dcy kraj\u00f3w Europy stawali w jedno\u015bci przeciwko dzia\u0142aniom Rosji, by byli jednomy\u015blni w obecnej \u015bwiatowej sytuacji geopolitycznej, ochronie Ba\u0142tyku i wschodniej flanki NATO, by nie wahali si\u0119 wspiera\u0107 Ukrain\u0119.<\/span><\/li>\n<\/ol>\n","protected":false},"excerpt":{"rendered":"<p>POLSKA 24 \u2013 MARZEC 2026 r. W odpowiedzi Jezus skierowa\u0142 do nich s\u0142owa: Miejcie wiar\u0119 w Boga! Zapewniam was, ktokolwiek powiedzia\u0142by tej g\u00f3rze: Podnie\u015b si\u0119 i rzu\u0107 do morza, i nie waha\u0142by si\u0119 w swoim sercu, lecz wierzy\u0142, \u017ce na pewno stanie si\u0119 to, co m\u00f3wi, spe\u0142ni mu si\u0119. Dlatego m\u00f3wi\u0119 wam: wierzcie, \u017ce otrzymali\u015bcie &#8230; <a title=\"Polska 24 &#8211; marzec 2026 r.\" class=\"read-more\" href=\"https:\/\/pl24.pdj.org.pl\/index.php\/polska-24-marzec-2026-r\/\" aria-label=\"Dowiedz si\u0119 wi\u0119cej o Polska 24 &#8211; marzec 2026 r.\">Read more<\/a><\/p>\n","protected":false},"author":2,"featured_media":0,"parent":0,"menu_order":0,"comment_status":"closed","ping_status":"closed","template":"","meta":{"generate_page_header":"","footnotes":""},"class_list":["post-1242","page","type-page","status-publish"],"_links":{"self":[{"href":"https:\/\/pl24.pdj.org.pl\/index.php\/wp-json\/wp\/v2\/pages\/1242","targetHints":{"allow":["GET"]}}],"collection":[{"href":"https:\/\/pl24.pdj.org.pl\/index.php\/wp-json\/wp\/v2\/pages"}],"about":[{"href":"https:\/\/pl24.pdj.org.pl\/index.php\/wp-json\/wp\/v2\/types\/page"}],"author":[{"embeddable":true,"href":"https:\/\/pl24.pdj.org.pl\/index.php\/wp-json\/wp\/v2\/users\/2"}],"replies":[{"embeddable":true,"href":"https:\/\/pl24.pdj.org.pl\/index.php\/wp-json\/wp\/v2\/comments?post=1242"}],"version-history":[{"count":3,"href":"https:\/\/pl24.pdj.org.pl\/index.php\/wp-json\/wp\/v2\/pages\/1242\/revisions"}],"predecessor-version":[{"id":1245,"href":"https:\/\/pl24.pdj.org.pl\/index.php\/wp-json\/wp\/v2\/pages\/1242\/revisions\/1245"}],"wp:attachment":[{"href":"https:\/\/pl24.pdj.org.pl\/index.php\/wp-json\/wp\/v2\/media?parent=1242"}],"curies":[{"name":"wp","href":"https:\/\/api.w.org\/{rel}","templated":true}]}}