{"id":12,"date":"2017-07-12T20:13:45","date_gmt":"2017-07-12T18:13:45","guid":{"rendered":"http:\/\/pl24.pdj.org.pl\/?page_id=12"},"modified":"2026-03-31T22:59:10","modified_gmt":"2026-03-31T20:59:10","slug":"tematy-modlitwy","status":"publish","type":"page","link":"https:\/\/pl24.pdj.org.pl\/index.php\/tematy-modlitwy\/","title":{"rendered":"Tematy modlitwy"},"content":{"rendered":"<p><span style=\"font-size: 14pt; font-family: helvetica, arial, sans-serif;\"><strong><span style=\"color: #ff0000;\">Aktualne tematy modlitwy Polska 24<\/span><\/strong><\/span><\/p>\n<p><span style=\"font-family: helvetica, arial, sans-serif;\"><span class=\"text\" style=\"font-family: helvetica, arial, sans-serif;\">Format HTML &#8211;\u00a0<a href=\"https:\/\/pl24.pdj.org.pl\/index.php\/polska-24-kwiecien-2026-r\/\">tematy na kwiecie\u0144 2026<\/a>\u00a0<\/span><\/span><\/p>\n<p><span style=\"font-family: helvetica, arial, sans-serif;\">Format RTF &#8211;\u00a0<a href=\"http:\/\/pl24.pdj.org.pl\/pliki\/polska24_kwiecien2026.rtf\">tematy na kwiecie\u0144 2026<\/a><\/span><\/p>\n<p><span style=\"font-family: helvetica, arial, sans-serif;\">Format PDF &#8211;\u00a0<a href=\"http:\/\/pl24.pdj.org.pl\/pliki\/polska24_kwiecien2026.pdf\">tematy na kwiecie\u0144 2026<\/a><\/span><\/p>\n<p><strong style=\"font-family: helvetica, arial, sans-serif; font-size: 14pt;\"><span style=\"color: #ff0000;\">Tematy modlitwy Polska 24 na przysz\u0142y miesi\u0105c<\/span><\/strong><\/p>\n<p><span style=\"font-family: helvetica, arial, sans-serif;\"><span class=\"text\" style=\"font-family: helvetica, arial, sans-serif;\">Tematy modlitwy na maj b\u0119d\u0105 dost\u0119pne oko\u0142o 25 kwietnia.<\/span><\/span><\/p>\n","protected":false},"excerpt":{"rendered":"<p>Aktualne tematy modlitwy Polska 24 Format HTML &#8211;\u00a0tematy na kwiecie\u0144 2026\u00a0 Format RTF &#8211;\u00a0tematy na kwiecie\u0144 2026 Format PDF &#8211;\u00a0tematy na kwiecie\u0144 2026 Tematy modlitwy Polska 24 na przysz\u0142y miesi\u0105c Tematy modlitwy na maj b\u0119d\u0105 dost\u0119pne oko\u0142o 25 kwietnia.<\/p>\n","protected":false},"author":2,"featured_media":0,"parent":0,"menu_order":0,"comment_status":"closed","ping_status":"closed","template":"","meta":{"generate_page_header":"","footnotes":""},"class_list":["post-12","page","type-page","status-publish"],"_links":{"self":[{"href":"https:\/\/pl24.pdj.org.pl\/index.php\/wp-json\/wp\/v2\/pages\/12","targetHints":{"allow":["GET"]}}],"collection":[{"href":"https:\/\/pl24.pdj.org.pl\/index.php\/wp-json\/wp\/v2\/pages"}],"about":[{"href":"https:\/\/pl24.pdj.org.pl\/index.php\/wp-json\/wp\/v2\/types\/page"}],"author":[{"embeddable":true,"href":"https:\/\/pl24.pdj.org.pl\/index.php\/wp-json\/wp\/v2\/users\/2"}],"replies":[{"embeddable":true,"href":"https:\/\/pl24.pdj.org.pl\/index.php\/wp-json\/wp\/v2\/comments?post=12"}],"version-history":[{"count":236,"href":"https:\/\/pl24.pdj.org.pl\/index.php\/wp-json\/wp\/v2\/pages\/12\/revisions"}],"predecessor-version":[{"id":1257,"href":"https:\/\/pl24.pdj.org.pl\/index.php\/wp-json\/wp\/v2\/pages\/12\/revisions\/1257"}],"wp:attachment":[{"href":"https:\/\/pl24.pdj.org.pl\/index.php\/wp-json\/wp\/v2\/media?parent=12"}],"curies":[{"name":"wp","href":"https:\/\/api.w.org\/{rel}","templated":true}]}}